{"id":995,"date":"2025-10-26T15:51:18","date_gmt":"2025-10-26T13:51:18","guid":{"rendered":"https:\/\/ftu.fi\/?page_id=995"},"modified":"2025-12-07T19:16:32","modified_gmt":"2025-12-07T19:16:32","slug":"sateenkaarikahvila","status":"publish","type":"page","link":"https:\/\/transliitto.com\/?page_id=995","title":{"rendered":"Sateenkaarikahvila"},"content":{"rendered":"\n<div class=\"wp-block-group is-layout-constrained wp-block-group-is-layout-constrained\">\n<h3 class=\"wp-block-heading\">\ud83c\udf08 Sateenkaarikahvila \u2013 rentoa yhdess\u00e4oloa kaikille<\/h3>\n<\/div>\n\n\n\n<div class=\"wp-block-group is-layout-constrained wp-block-group-is-layout-constrained\">\n<div style=\"height:49px\" aria-hidden=\"true\" class=\"wp-block-spacer\"><\/div>\n\n\n\n<div class=\"wp-block-group is-layout-constrained wp-block-group-is-layout-constrained\">\n<p><strong>Sateenkaarikahvila<\/strong> on kaikille avoin, maksuton ja ik\u00e4rajaton kohtaamispaikka, jossa vietet\u00e4\u00e4n iltaa rennosti yhdess\u00e4. Tervetuloa nauttimaan hyv\u00e4st\u00e4 seurasta, mukavasta tunnelmasta ja monipuolisesta ohjelmasta \u2013 olitpa sitten ensikertalainen tai jo tuttu k\u00e4vij\u00e4!<\/p>\n<\/div>\n\n\n\n<div class=\"wp-block-group is-layout-constrained wp-block-group-is-layout-constrained\">\n<p>Kahvila yhdist\u00e4\u00e4 <strong>tiedon, vertaistuen ja hyv\u00e4n fiiliksen<\/strong>. Illoissa voit jutella vapaamuotoisesti, osallistua pieneen tekemiseen tai vain olla ja nauttia tunnelmasta. Ajoittain ohjelmassa on <strong>musiikkiesityksi\u00e4, keskusteluja ja vierailijoita<\/strong>, jotka k\u00e4sittelev\u00e4t monenlaisia sateenkaariaiheita ja ajankohtaisia teemoja.<\/p>\n\n\n\n<p>Sateenkaarikahvila on <strong>Transliiton<\/strong>, <strong>Yst\u00e4v\u00e4kahvila Murun<\/strong>, <strong>Kulttuuripaja Lumon<\/strong>, <strong>Kulttuuripaja Nitron<\/strong> ja <strong>Satakunnan Setan<\/strong> yhteinen hanke, joka on ilahduttanut k\u00e4vij\u00f6it\u00e4\u00e4n jo vuodesta <strong>2018<\/strong>. <strong>Me Transliitossa hypp\u00e4simme mukaan syksyst\u00e4 2025. <\/strong>Toiminta on kasvanut yhteisty\u00f6n ja yhteis\u00f6llisyyden voimalla \u2013 ja jokainen uusi tulija on aina tervetullut mukaan!<\/p>\n\n\n\n<p>Lis\u00e4tietoja ja tulevien tapahtumien ajankohdat l\u00f6yd\u00e4t <strong>Transliiton<\/strong> verkkosivuilta ja sosiaalisen median kanavista.<\/p>\n\n\n\n<p><\/p>\n<\/div>\n<\/div>\n\n\n\n<div class=\"wp-block-group is-layout-constrained wp-block-group-is-layout-constrained\">\n<h3 class=\"wp-block-heading\">Esteett\u00f6myys<\/h3>\n<\/div>\n\n\n\n<div style=\"height:38px\" aria-hidden=\"true\" class=\"wp-block-spacer\"><\/div>\n\n\n\n<div class=\"wp-block-group is-layout-constrained wp-block-group-is-layout-constrained\">\n<p><strong>Yst\u00e4v\u00e4kahvila Muru<\/strong> on esteet\u00f6n tila, jossa on selke\u00e4t opasteet, helposti avautuva ulko-ovi ja sukupuolittamattomat wc-tilat. Tilaan p\u00e4\u00e4see esteett\u00f6m\u00e4sti hissi\u00e4 k\u00e4ytt\u00e4en. Yhteis\u00f6talo Otavan p\u00e4\u00e4aulassa on my\u00f6s inva-wc.<\/p>\n\n\n\n<p>\ud83d\udc9b <strong>L\u00e4mpim\u00e4sti tervetuloa mukaan viett\u00e4m\u00e4\u00e4n iltaa omana itsen\u00e4si \u2013 juuri sellaisena kuin olet!<\/strong><\/p>\n<\/div>\n\n\n\n<p><\/p>\n","protected":false},"excerpt":{"rendered":"<p>\ud83c\udf08 Sateenkaarikahvila \u2013 rentoa yhdess\u00e4oloa kaikille Sateenkaarikahvila on kaikille avoin, maksuton ja ik\u00e4rajaton kohtaamispaikka, jossa vietet\u00e4\u00e4n iltaa rennosti yhdess\u00e4. Tervetuloa nauttimaan hyv\u00e4st\u00e4 seurasta, mukavasta tunnelmasta ja monipuolisesta ohjelmasta \u2013 olitpa sitten ensikertalainen tai jo tuttu k\u00e4vij\u00e4! Kahvila yhdist\u00e4\u00e4 tiedon, vertaistuen ja hyv\u00e4n fiiliksen. Illoissa voit jutella vapaamuotoisesti, osallistua pieneen tekemiseen tai vain olla ja nauttia [&hellip;]<\/p>\n","protected":false},"author":1,"featured_media":0,"parent":0,"menu_order":0,"comment_status":"closed","ping_status":"closed","template":"","meta":{"_themeisle_gutenberg_block_has_review":false,"footnotes":""},"class_list":["post-995","page","type-page","status-publish","hentry"],"jetpack_sharing_enabled":true,"_links":{"self":[{"href":"https:\/\/transliitto.com\/index.php?rest_route=\/wp\/v2\/pages\/995","targetHints":{"allow":["GET"]}}],"collection":[{"href":"https:\/\/transliitto.com\/index.php?rest_route=\/wp\/v2\/pages"}],"about":[{"href":"https:\/\/transliitto.com\/index.php?rest_route=\/wp\/v2\/types\/page"}],"author":[{"embeddable":true,"href":"https:\/\/transliitto.com\/index.php?rest_route=\/wp\/v2\/users\/1"}],"replies":[{"embeddable":true,"href":"https:\/\/transliitto.com\/index.php?rest_route=%2Fwp%2Fv2%2Fcomments&post=995"}],"version-history":[{"count":1,"href":"https:\/\/transliitto.com\/index.php?rest_route=\/wp\/v2\/pages\/995\/revisions"}],"predecessor-version":[{"id":1219,"href":"https:\/\/transliitto.com\/index.php?rest_route=\/wp\/v2\/pages\/995\/revisions\/1219"}],"wp:attachment":[{"href":"https:\/\/transliitto.com\/index.php?rest_route=%2Fwp%2Fv2%2Fmedia&parent=995"}],"curies":[{"name":"wp","href":"https:\/\/api.w.org\/{rel}","templated":true}]}}