{"id":1273,"date":"2025-12-08T07:36:39","date_gmt":"2025-12-08T07:36:39","guid":{"rendered":"https:\/\/transliitto.com\/?page_id=1273"},"modified":"2026-04-28T08:57:28","modified_gmt":"2026-04-28T08:57:28","slug":"yhteystiedot-2","status":"publish","type":"page","link":"https:\/\/transliitto.com\/?page_id=1273","title":{"rendered":"Yhteystiedot"},"content":{"rendered":"\n<div class=\"wp-block-group is-layout-constrained wp-block-group-is-layout-constrained\">\n<div class=\"wp-block-group is-layout-constrained wp-block-group-is-layout-constrained\">\n<div class=\"wp-block-group is-vertical is-content-justification-left is-nowrap is-layout-flex wp-container-core-group-is-layout-970da055 wp-block-group-is-layout-flex\">\n<p><strong>Yhteystiedot:<\/strong>&nbsp;<\/p>\n\n\n\n<p>Transliitto ry \/ Finska Trans Union rf \/ Finnish Trans Union NGO<br>(3532647-3)<\/p>\n\n\n\n<p>Info@ftu.fi<br><a href=\"https:\/\/www.transliitto.com\/\" target=\"_blank\" rel=\"noreferrer noopener\">www.transliitto.com<\/a><\/p>\n\n\n\n<p><strong>Asiakaspalvelu:<\/strong><br>Asiakaspalvelumme on tavoittaa s\u00e4hk\u00f6postitse 03.05.2026 asti, 04.05.2026 alkaen tavoitat meid\u00e4t numerosta 040 365 3670, arkisin ti-to klo 10-15<\/p>\n\n\n\n<p>Henkil\u00f6kunnan s\u00e4hk\u00f6postit ovat muotoa etunimi@ftu.fi&nbsp;<\/p>\n<\/div>\n<\/div>\n<\/div>\n\n\n\n<div style=\"height:20px;width:0px\" aria-hidden=\"true\" class=\"wp-block-spacer\"><\/div>\n\n\n\n<div class=\"wp-block-group is-content-justification-space-between is-nowrap is-layout-flex wp-container-core-group-is-layout-cb46ffcb wp-block-group-is-layout-flex\">\n<div class=\"wp-block-group wp-container-content-0733e5d0 is-vertical is-content-justification-left is-nowrap is-layout-flex wp-container-core-group-is-layout-970da055 wp-block-group-is-layout-flex\">\n<p><strong>Toiminnanjohtaja \/ Executive Director:&nbsp;<\/strong>&nbsp;<\/p>\n\n\n\n<p>Sumu Sointupuro<br>044 2845 695<br><a href=\"mailto:Sumu@transliitto.com\" target=\"_blank\" rel=\"noreferrer noopener\">Sumu@<\/a>ftu.fi<\/p>\n\n\n\n<p>Lomalla 30.03-03.05.2026<\/p>\n\n\n\n<p><\/p>\n<\/div>\n\n\n\n<figure class=\"wp-block-image size-full is-resized is-style-rounded wp-container-content-dc435e0d\" style=\"margin-top:0;margin-right:0;margin-bottom:0;margin-left:0\"><img loading=\"lazy\" decoding=\"async\" width=\"1080\" height=\"1080\" src=\"https:\/\/transliitto.com\/wp-content\/uploads\/2025\/06\/Meikkinalle_06-edited.jpeg\" alt=\"\" class=\"wp-image-486\" style=\"object-fit:cover;width:184px;height:auto\" srcset=\"https:\/\/transliitto.com\/wp-content\/uploads\/2025\/06\/Meikkinalle_06-edited.jpeg 1080w, https:\/\/transliitto.com\/wp-content\/uploads\/2025\/06\/Meikkinalle_06-edited-300x300.jpeg 300w, https:\/\/transliitto.com\/wp-content\/uploads\/2025\/06\/Meikkinalle_06-edited-1024x1024.jpeg 1024w, https:\/\/transliitto.com\/wp-content\/uploads\/2025\/06\/Meikkinalle_06-edited-150x150.jpeg 150w, https:\/\/transliitto.com\/wp-content\/uploads\/2025\/06\/Meikkinalle_06-edited-768x768.jpeg 768w\" sizes=\"auto, (max-width: 1080px) 100vw, 1080px\" \/><\/figure>\n<\/div>\n\n\n\n<div class=\"wp-block-group is-content-justification-space-between is-nowrap is-layout-flex wp-container-core-group-is-layout-cb46ffcb wp-block-group-is-layout-flex\">\n<div class=\"wp-block-group wp-container-content-0733e5d0 is-vertical is-content-justification-left is-nowrap is-layout-flex wp-container-core-group-is-layout-970da055 wp-block-group-is-layout-flex\">\n<p><strong>Puheenjohtaja \/ <strong>Chairperson<\/strong><\/strong>:&nbsp;<\/p>\n\n\n\n<p>Pia Starck, h\u00e4irint\u00e4yhdyshenkil\u00f6&nbsp;<br><a href=\"mailto:Pia@transliitto.com\" target=\"_blank\" rel=\"noreferrer noopener\">Pia@<\/a>ftu.fi<\/p>\n\n\n\n<p>Lomalla 30.03-03.05.2026<\/p>\n<\/div>\n\n\n\n<figure class=\"wp-block-image size-full is-resized is-style-rounded wp-container-content-dc435e0d wp-duotone-unset-1\" style=\"margin-top:0;margin-right:0;margin-bottom:0;margin-left:0\"><img loading=\"lazy\" decoding=\"async\" width=\"512\" height=\"512\" src=\"https:\/\/transliitto.com\/wp-content\/uploads\/2025\/08\/cropped-WhatsApp-Image-2025-08-26-at-21.20.43.jpeg\" alt=\"\" class=\"wp-image-898\" style=\"object-fit:cover;width:209px;height:auto\" srcset=\"https:\/\/transliitto.com\/wp-content\/uploads\/2025\/08\/cropped-WhatsApp-Image-2025-08-26-at-21.20.43.jpeg 512w, https:\/\/transliitto.com\/wp-content\/uploads\/2025\/08\/cropped-WhatsApp-Image-2025-08-26-at-21.20.43-300x300.jpeg 300w, https:\/\/transliitto.com\/wp-content\/uploads\/2025\/08\/cropped-WhatsApp-Image-2025-08-26-at-21.20.43-150x150.jpeg 150w\" sizes=\"auto, (max-width: 512px) 100vw, 512px\" \/><\/figure>\n<\/div>\n\n\n\n<div class=\"wp-block-group is-content-justification-space-between is-nowrap is-layout-flex wp-container-core-group-is-layout-cb46ffcb wp-block-group-is-layout-flex\">\n<div class=\"wp-block-group wp-container-content-0733e5d0 is-vertical is-content-justification-left is-nowrap is-layout-flex wp-container-core-group-is-layout-970da055 wp-block-group-is-layout-flex\">\n<p><strong>Viestint\u00e4koordinaattori<\/strong>&nbsp;<\/p>\n\n\n\n<p>Akira Siivonen <br>Akira@ftu.fi<\/p>\n\n\n\n<p><\/p>\n<\/div>\n\n\n\n<figure class=\"wp-block-image size-full is-resized is-style-rounded wp-container-content-dc435e0d wp-duotone-unset-2\" style=\"margin-top:0;margin-right:0;margin-bottom:0;margin-left:0\"><img loading=\"lazy\" decoding=\"async\" width=\"1020\" height=\"1022\" src=\"https:\/\/transliitto.com\/wp-content\/uploads\/2025\/11\/574328571_25236913675943962_7548350556854242934_n.jpg\" alt=\"\" class=\"wp-image-1075\" style=\"object-fit:cover;width:209px;height:auto\" srcset=\"https:\/\/transliitto.com\/wp-content\/uploads\/2025\/11\/574328571_25236913675943962_7548350556854242934_n.jpg 1020w, https:\/\/transliitto.com\/wp-content\/uploads\/2025\/11\/574328571_25236913675943962_7548350556854242934_n-300x300.jpg 300w, https:\/\/transliitto.com\/wp-content\/uploads\/2025\/11\/574328571_25236913675943962_7548350556854242934_n-150x150.jpg 150w, https:\/\/transliitto.com\/wp-content\/uploads\/2025\/11\/574328571_25236913675943962_7548350556854242934_n-768x770.jpg 768w\" sizes=\"auto, (max-width: 1020px) 100vw, 1020px\" \/><\/figure>\n<\/div>\n\n\n\n<div style=\"height:20px;width:0px\" aria-hidden=\"true\" class=\"wp-block-spacer\"><\/div>\n\n\n\n<div style=\"height:20px;width:0px\" aria-hidden=\"true\" class=\"wp-block-spacer\"><\/div>\n\n\n\n<div class=\"wp-block-group is-layout-constrained wp-block-group-is-layout-constrained\">\n<p><strong>J\u00e4rjest\u00f6n p\u00e4\u00e4toimisto:<\/strong><\/p>\n\n\n\n<p>Transliitto<br>Otavankatu 5A, 2.krs <br>28100 Pori<\/p>\n<\/div>\n\n\n\n<p><\/p>\n\n\n\n<p><\/p>\n\n\n\n<p><\/p>\n\n\n\n<h2 class=\"wp-block-heading has-text-align-center has-black-color has-raft-bg-background-color has-text-color has-background has-link-color wp-elements-eaa62fbaf51054a4062625f8adf2bf8c\">Harjoittelupaikkaa vailla?<\/h2>\n\n\n\n<p><\/p>\n\n\n\n<p class=\"has-raft-bg-background-color has-background\">Meille Transliittoon voi hakea harjoitteluun eri alojen opiskelijat korkeakouluista ja ammattikouluista. Ota yhteytt\u00e4 ja kerro itsest\u00e4si, kokemuksestasi ja mink\u00e4 alan harjoittelun olisit kiinnostunut meill\u00e4 suorittamaan, niin jutellaan lis\u00e4\u00e4!<\/p>\n\n\n\n<p class=\"has-raft-bg-background-color has-background\">Harjoittelijoiden opintoaloja voivat olla esimerkiksi: Sosiaali- ja terveysala, kaupan tai hallinnon ala, IT-ala sek\u00e4 kulttuuriala.<\/p>\n\n\n\n<p><\/p>\n","protected":false},"excerpt":{"rendered":"<p>Yhteystiedot:&nbsp; Transliitto ry \/ Finska Trans Union rf \/ Finnish Trans Union NGO(3532647-3) Info@ftu.fiwww.transliitto.com Asiakaspalvelu:Asiakaspalvelumme on tavoittaa s\u00e4hk\u00f6postitse 03.05.2026 asti, 04.05.2026 alkaen tavoitat meid\u00e4t numerosta 040 365 3670, arkisin ti-to klo 10-15 Henkil\u00f6kunnan s\u00e4hk\u00f6postit ovat muotoa etunimi@ftu.fi&nbsp; Toiminnanjohtaja \/ Executive Director:&nbsp;&nbsp; Sumu Sointupuro044 2845 695Sumu@ftu.fi Lomalla 30.03-03.05.2026 Puheenjohtaja \/ Chairperson:&nbsp; Pia Starck, h\u00e4irint\u00e4yhdyshenkil\u00f6&nbsp;Pia@ftu.fi Lomalla 30.03-03.05.2026 [&hellip;]<\/p>\n","protected":false},"author":1,"featured_media":0,"parent":0,"menu_order":0,"comment_status":"closed","ping_status":"closed","template":"","meta":{"_themeisle_gutenberg_block_has_review":false,"footnotes":""},"class_list":["post-1273","page","type-page","status-publish","hentry"],"jetpack_sharing_enabled":true,"_links":{"self":[{"href":"https:\/\/transliitto.com\/index.php?rest_route=\/wp\/v2\/pages\/1273","targetHints":{"allow":["GET"]}}],"collection":[{"href":"https:\/\/transliitto.com\/index.php?rest_route=\/wp\/v2\/pages"}],"about":[{"href":"https:\/\/transliitto.com\/index.php?rest_route=\/wp\/v2\/types\/page"}],"author":[{"embeddable":true,"href":"https:\/\/transliitto.com\/index.php?rest_route=\/wp\/v2\/users\/1"}],"replies":[{"embeddable":true,"href":"https:\/\/transliitto.com\/index.php?rest_route=%2Fwp%2Fv2%2Fcomments&post=1273"}],"version-history":[{"count":12,"href":"https:\/\/transliitto.com\/index.php?rest_route=\/wp\/v2\/pages\/1273\/revisions"}],"predecessor-version":[{"id":1360,"href":"https:\/\/transliitto.com\/index.php?rest_route=\/wp\/v2\/pages\/1273\/revisions\/1360"}],"wp:attachment":[{"href":"https:\/\/transliitto.com\/index.php?rest_route=%2Fwp%2Fv2%2Fmedia&parent=1273"}],"curies":[{"name":"wp","href":"https:\/\/api.w.org\/{rel}","templated":true}]}}