{"id":1266,"date":"2025-12-08T07:30:19","date_gmt":"2025-12-08T07:30:19","guid":{"rendered":"https:\/\/transliitto.com\/?page_id=1266"},"modified":"2026-01-02T00:25:33","modified_gmt":"2026-01-02T00:25:33","slug":"vaikuttamistyo-2","status":"publish","type":"page","link":"https:\/\/transliitto.com\/?page_id=1266","title":{"rendered":"Vaikuttamisty\u00f6"},"content":{"rendered":"\n<div class=\"wp-block-group is-vertical is-layout-flex wp-container-core-group-is-layout-fe9cc265 wp-block-group-is-layout-flex\">\n<h2 class=\"wp-block-heading\">\ud83c\udff3\ufe0f\u200d\u26a7\ufe0f Vaikuttamisty\u00f6 ja yhteisty\u00f6 \u2013 Transliitto <\/h2>\n\n\n\n<p><strong>Transliitto <\/strong>on merkitt\u00e4v\u00e4 yhteiskunnallinen toimija ja vaikuttaja, joka edist\u00e4\u00e4 <strong>transihmisten<\/strong>, <strong>muunsukupuolisten<\/strong> ja <strong>intersukupuolisten<\/strong> henkil\u00f6iden <strong>oikeuksien toteutumista Suomessa<\/strong>. Olemme mukana kehitt\u00e4m\u00e4ss\u00e4 lains\u00e4\u00e4d\u00e4nt\u00f6\u00e4 ja sosiaali- ja terveyspalveluja, jotka koskettavat sukupuoliv\u00e4hemmist\u00f6ihin kuuluvien ihmisten el\u00e4m\u00e4\u00e4 \u2013 nyt ja tulevaisuudessa.<\/p>\n\n\n\n<hr class=\"wp-block-separator has-alpha-channel-opacity\"\/>\n<\/div>\n\n\n\n<div class=\"wp-block-group is-vertical is-layout-flex wp-container-core-group-is-layout-fe9cc265 wp-block-group-is-layout-flex\">\n<h3 class=\"wp-block-heading\">\u2696\ufe0f Yhteiskunnallinen vaikuttaminen<\/h3>\n\n\n\n<p>Vaikutamme aktiivisesti:<\/p>\n\n\n\n<ul class=\"wp-block-list\">\n<li><strong>Lains\u00e4\u00e4d\u00e4nt\u00f6uudistuksiin<\/strong>, jotka koskevat sukupuolen juridista vahvistamista, itsem\u00e4\u00e4r\u00e4\u00e4misoikeutta ja kehodysforian hoitoa<\/li>\n\n\n\n<li><strong>Transterveydenhoidon saatavuuteen ja saavutettavuuteen<\/strong><\/li>\n\n\n\n<li>Syrjim\u00e4tt\u00f6myyden ja <strong>yhdenvertaisten oikeuksien toteutumiseen<\/strong> koulutuksessa, ty\u00f6el\u00e4m\u00e4ss\u00e4 ja sosiaali- ja terveyspalveluissa<\/li>\n<\/ul>\n\n\n\n<p><strong>Hyv\u00e4 el\u00e4m\u00e4nlaatu alkaa perusoikeuksista.<\/strong> Ty\u00f6mme tavoitteena on mahdollistaa turvallinen, hyv\u00e4ksyv\u00e4 ja tasa-arvoinen yhteiskunta kaikille sukupuoliv\u00e4hemmist\u00f6ille.<\/p>\n\n\n\n<hr class=\"wp-block-separator has-alpha-channel-opacity\"\/>\n\n\n\n<h3 class=\"wp-block-heading\">\ud83e\udd1d Laaja-alainen yhteisty\u00f6<\/h3>\n\n\n\n<p>Teemme monipuolista ja konkreettista yhteisty\u00f6t\u00e4 mm. seuraavien toimijoiden kanssa:<\/p>\n\n\n\n<ul class=\"wp-block-list\">\n<li><strong>Tutkimuslaitokset ja korkeakoulut<\/strong><\/li>\n\n\n\n<li><strong>Hyvinvointialueet ja julkinen terveydenhuolto<\/strong><\/li>\n\n\n\n<li><strong>Kaupungit, kunnat ja koulutoimi<\/strong><\/li>\n\n\n\n<li><strong>Sateenkaari- ja sote-j\u00e4rjest\u00f6t<\/strong><\/li>\n\n\n\n<li><strong>Seurakunnat ja yhteis\u00f6t<\/strong><\/li>\n<\/ul>\n\n\n\n<p>Yhdess\u00e4 kumppaneidemme kanssa selvit\u00e4mme ja vaikutamme tekij\u00f6ihin, jotka vaikuttavat erityisesti <strong>transfeminiinien<\/strong>, <strong>transmaskuliinien<\/strong>, <strong>ei-bin\u00e4\u00e4risten<\/strong>, <strong>intersukupuolisten <\/strong>ja muiden sukupuoliv\u00e4hemmist\u00f6jen <strong>el\u00e4m\u00e4nlaatuun<\/strong>. Tavoitteena on <strong>ehk\u00e4ist\u00e4 syrj\u00e4ytymist\u00e4<\/strong>, <strong>v\u00e4hemmist\u00f6stressi\u00e4<\/strong> ja tarjota tukea jokaisessa el\u00e4m\u00e4nvaiheessa.<\/p>\n\n\n\n<hr class=\"wp-block-separator has-alpha-channel-opacity\"\/>\n\n\n\n<h3 class=\"wp-block-heading\">\ud83c\udf31 Tukea koko el\u00e4m\u00e4nkaaren ajan<\/h3>\n\n\n\n<p>Toimimme sukupuoliv\u00e4hemmist\u00f6\u00f6n kuuluvien tukena <strong>kaikissa el\u00e4m\u00e4nvaiheissa<\/strong>:<\/p>\n\n\n\n<div class=\"wp-block-group is-layout-constrained wp-block-group-is-layout-constrained\">\n<ul class=\"wp-block-list\">\n<li>Lapsuudessa ja nuoruudessa: koulut ja nuorisoty\u00f6<\/li>\n\n\n\n<li>Opiskelu- ja ty\u00f6el\u00e4m\u00e4ss\u00e4: saavutettavuus, yhdenvertaisuus ja tasa-arvo<\/li>\n\n\n\n<li>Ik\u00e4\u00e4ntyess\u00e4: n\u00e4kyv\u00e4 ja arvostettu asema my\u00f6s vanhuudessa<\/li>\n<\/ul>\n\n\n\n<p>Miss\u00e4 vaiheessa el\u00e4m\u00e4\u00e4si oletkin, <strong>Transliitto on rinnallasi<\/strong> \u2013 suoraan tai yhteisty\u00f6ss\u00e4 muiden toimijoiden kanssa.<\/p>\n\n\n\n<hr class=\"wp-block-separator has-alpha-channel-opacity\"\/>\n<\/div>\n\n\n\n<h3 class=\"wp-block-heading\">\ud83c\udf0d Valtakunnallinen ja kansainv\u00e4linen verkosto<\/h3>\n\n\n\n<p>Olemme j\u00e4senen\u00e4 useissa <strong>valtakunnallisissa ja kansainv\u00e4lisiss\u00e4 sateenkaarij\u00e4rjest\u00f6iss\u00e4<\/strong> ja -verkostoissa. Yhteisty\u00f6 n\u00e4iden yhteis\u00f6jen kanssa takaa, ett\u00e4 pysymme <strong>ajan hermolla<\/strong> trans- ja sateenkaari-ihmisten oikeuksien kehityksess\u00e4 sek\u00e4 <strong>seksuaalisuuden<\/strong> ja <strong>seksuaalisen suuntautumisen moninaisuuden<\/strong> huomioimisessa.<\/p>\n\n\n\n<p>\ud83d\udd17 <strong>P\u00e4\u00e4set tutustumaan kattoj\u00e4rjest\u00f6ihimme ja yhteisty\u00f6kumppaneihimme<\/strong> yhteisty\u00f6kumppanit-sivun takaa.<\/p>\n\n\n\n<hr class=\"wp-block-separator has-alpha-channel-opacity\"\/>\n\n\n\n<h3 class=\"wp-block-heading\">\ud83d\udcac Haluatko mukaan yhteisty\u00f6h\u00f6n?<\/h3>\n\n\n\n<p>Etsimme jatkuvasti uusia kumppaneita, joiden kanssa voimme rakentaa yhdenvertaisempaa yhteiskuntaa. Ota yhteytt\u00e4 ja keskustellaan yhteisty\u00f6mahdollisuuksista!<\/p>\n<\/div>\n","protected":false},"excerpt":{"rendered":"<p>\ud83c\udff3\ufe0f\u200d\u26a7\ufe0f Vaikuttamisty\u00f6 ja yhteisty\u00f6 \u2013 Transliitto Transliitto on merkitt\u00e4v\u00e4 yhteiskunnallinen toimija ja vaikuttaja, joka edist\u00e4\u00e4 transihmisten, muunsukupuolisten ja intersukupuolisten henkil\u00f6iden oikeuksien toteutumista Suomessa. Olemme mukana kehitt\u00e4m\u00e4ss\u00e4 lains\u00e4\u00e4d\u00e4nt\u00f6\u00e4 ja sosiaali- ja terveyspalveluja, jotka koskettavat sukupuoliv\u00e4hemmist\u00f6ihin kuuluvien ihmisten el\u00e4m\u00e4\u00e4 \u2013 nyt ja tulevaisuudessa. \u2696\ufe0f Yhteiskunnallinen vaikuttaminen Vaikutamme aktiivisesti: Hyv\u00e4 el\u00e4m\u00e4nlaatu alkaa perusoikeuksista. Ty\u00f6mme tavoitteena on mahdollistaa turvallinen, [&hellip;]<\/p>\n","protected":false},"author":1,"featured_media":0,"parent":0,"menu_order":0,"comment_status":"closed","ping_status":"closed","template":"","meta":{"_themeisle_gutenberg_block_has_review":false,"footnotes":""},"class_list":["post-1266","page","type-page","status-publish","hentry"],"jetpack_sharing_enabled":true,"_links":{"self":[{"href":"https:\/\/transliitto.com\/index.php?rest_route=\/wp\/v2\/pages\/1266","targetHints":{"allow":["GET"]}}],"collection":[{"href":"https:\/\/transliitto.com\/index.php?rest_route=\/wp\/v2\/pages"}],"about":[{"href":"https:\/\/transliitto.com\/index.php?rest_route=\/wp\/v2\/types\/page"}],"author":[{"embeddable":true,"href":"https:\/\/transliitto.com\/index.php?rest_route=\/wp\/v2\/users\/1"}],"replies":[{"embeddable":true,"href":"https:\/\/transliitto.com\/index.php?rest_route=%2Fwp%2Fv2%2Fcomments&post=1266"}],"version-history":[{"count":1,"href":"https:\/\/transliitto.com\/index.php?rest_route=\/wp\/v2\/pages\/1266\/revisions"}],"predecessor-version":[{"id":1267,"href":"https:\/\/transliitto.com\/index.php?rest_route=\/wp\/v2\/pages\/1266\/revisions\/1267"}],"wp:attachment":[{"href":"https:\/\/transliitto.com\/index.php?rest_route=%2Fwp%2Fv2%2Fmedia&parent=1266"}],"curies":[{"name":"wp","href":"https:\/\/api.w.org\/{rel}","templated":true}]}}