{"id":1257,"date":"2025-12-08T07:24:39","date_gmt":"2025-12-08T07:24:39","guid":{"rendered":"https:\/\/transliitto.com\/?page_id=1257"},"modified":"2025-12-08T07:24:39","modified_gmt":"2025-12-08T07:24:39","slug":"transpuhelin-2","status":"publish","type":"page","link":"https:\/\/transliitto.com\/?page_id=1257","title":{"rendered":"Transpuhelin"},"content":{"rendered":"\n<figure class=\"wp-block-image size-full\"><img loading=\"lazy\" decoding=\"async\" width=\"856\" height=\"840\" src=\"https:\/\/transliitto.com\/wp-content\/uploads\/2025\/10\/58d0c4f6-297e-4d3b-9b90-fa48b477d74c.png\" alt=\"\" class=\"wp-image-1046\" srcset=\"https:\/\/transliitto.com\/wp-content\/uploads\/2025\/10\/58d0c4f6-297e-4d3b-9b90-fa48b477d74c.png 856w, https:\/\/transliitto.com\/wp-content\/uploads\/2025\/10\/58d0c4f6-297e-4d3b-9b90-fa48b477d74c-300x294.png 300w, https:\/\/transliitto.com\/wp-content\/uploads\/2025\/10\/58d0c4f6-297e-4d3b-9b90-fa48b477d74c-768x754.png 768w\" sizes=\"auto, (max-width: 856px) 100vw, 856px\" \/><\/figure>\n\n\n\n<div class=\"wp-block-group is-layout-constrained wp-block-group-is-layout-constrained\">\n<p><strong>Transpuhelin <\/strong>on kaikille saavutettavissa oleva puhelinp\u00e4ivystys transihmisille. Transpuhelimen tarkoituksena on madaltaa transihmisten psykososiaalisiin palveluihin p\u00e4\u00e4seminen siten, ett\u00e4 se on yhden puhelun p\u00e4\u00e4ss\u00e4 p\u00e4ivystysaikoina.<br><\/p>\n\n\n\n<p>Puhelimen tavoitteena on tarjota keskustelutukea ja neuvontaa. Transpuhelin t\u00e4ydent\u00e4\u00e4 julkisen puolen sosiaali- ja terveyspalveluita siten, ett\u00e4 jokaisella transihmisell\u00e4 kuten trans-, muun- tai intersukupuolisella on mahdollisuus ilman pitk\u00e4aikaista jonotusta p\u00e4\u00e4st\u00e4 keskustelemaan sukupuolen moninaisuuteen ja seksuaalisuuteen liittyen matalalla kynnyksell\u00e4. Puhelimeen voi soittaa, vaikka ei itse kuuluisikaan sukupuoliv\u00e4hemmist\u00f6ihin vaan olisi muuten sateenkaareva. Transliitto ja Transpuhelin huolehtivat kaikista sateenkaari-ihmisist\u00e4, vaikka painopisteemme on sukupuoliv\u00e4hemmist\u00f6t.<\/p>\n\n\n\n<p>Puhelinp\u00e4ivystys toteutetaan Transliiton kouluttamien puhelinp\u00e4ivyst\u00e4jien avulla.&nbsp;<br><\/p>\n\n\n\n<p><strong>Transpuhelin p\u00e4ivyst\u00e4\u00e4:<\/strong><\/p>\n\n\n\n<p>Arkisin klo 9.00-16.00<\/p>\n\n\n\n<p>Muina aikoina Whatsapp-viestitse, vastaus 4h aikana.<\/p>\n\n\n\n<p>Transpuhelin p\u00e4ivyst\u00e4\u00e4 poikkeuksellisesti: 19.12.2025-05.01.2026<\/p>\n\n\n\n<p>Puhelinnumero: 040 3653 671<br><\/p>\n<\/div>\n","protected":false},"excerpt":{"rendered":"<p>Transpuhelin on kaikille saavutettavissa oleva puhelinp\u00e4ivystys transihmisille. Transpuhelimen tarkoituksena on madaltaa transihmisten psykososiaalisiin palveluihin p\u00e4\u00e4seminen siten, ett\u00e4 se on yhden puhelun p\u00e4\u00e4ss\u00e4 p\u00e4ivystysaikoina. Puhelimen tavoitteena on tarjota keskustelutukea ja neuvontaa. Transpuhelin t\u00e4ydent\u00e4\u00e4 julkisen puolen sosiaali- ja terveyspalveluita siten, ett\u00e4 jokaisella transihmisell\u00e4 kuten trans-, muun- tai intersukupuolisella on mahdollisuus ilman pitk\u00e4aikaista jonotusta p\u00e4\u00e4st\u00e4 keskustelemaan sukupuolen moninaisuuteen [&hellip;]<\/p>\n","protected":false},"author":1,"featured_media":0,"parent":0,"menu_order":0,"comment_status":"closed","ping_status":"closed","template":"","meta":{"_themeisle_gutenberg_block_has_review":false,"footnotes":""},"class_list":["post-1257","page","type-page","status-publish","hentry"],"jetpack_sharing_enabled":true,"_links":{"self":[{"href":"https:\/\/transliitto.com\/index.php?rest_route=\/wp\/v2\/pages\/1257","targetHints":{"allow":["GET"]}}],"collection":[{"href":"https:\/\/transliitto.com\/index.php?rest_route=\/wp\/v2\/pages"}],"about":[{"href":"https:\/\/transliitto.com\/index.php?rest_route=\/wp\/v2\/types\/page"}],"author":[{"embeddable":true,"href":"https:\/\/transliitto.com\/index.php?rest_route=\/wp\/v2\/users\/1"}],"replies":[{"embeddable":true,"href":"https:\/\/transliitto.com\/index.php?rest_route=%2Fwp%2Fv2%2Fcomments&post=1257"}],"version-history":[{"count":1,"href":"https:\/\/transliitto.com\/index.php?rest_route=\/wp\/v2\/pages\/1257\/revisions"}],"predecessor-version":[{"id":1258,"href":"https:\/\/transliitto.com\/index.php?rest_route=\/wp\/v2\/pages\/1257\/revisions\/1258"}],"wp:attachment":[{"href":"https:\/\/transliitto.com\/index.php?rest_route=%2Fwp%2Fv2%2Fmedia&parent=1257"}],"curies":[{"name":"wp","href":"https:\/\/api.w.org\/{rel}","templated":true}]}}