{"id":1242,"date":"2025-12-08T07:13:11","date_gmt":"2025-12-08T07:13:11","guid":{"rendered":"https:\/\/transliitto.com\/?page_id=1242"},"modified":"2025-12-08T07:13:11","modified_gmt":"2025-12-08T07:13:11","slug":"turvallisemman-tilan-ohjeistus-2","status":"publish","type":"page","link":"https:\/\/transliitto.com\/?page_id=1242","title":{"rendered":"Turvallisemman tilan ohjeistus"},"content":{"rendered":"\n<div class=\"wp-block-group is-layout-constrained wp-block-group-is-layout-constrained\">\n<p id=\"block-fcb7f04f-7117-4167-ac01-f6c9cbca9efe\">Osallistuessasi Transliitto (my\u00f6hemmin FTU ry) ry:n j\u00e4rjest\u00e4m\u00e4\u00e4n toimintaan sitoudut n\u00e4ihin<br>periaatteisiin.<\/p>\n\n\n\n<ul id=\"block-67f0882c-9223-4367-8f25-e520b2cc781f\" class=\"wp-block-list\">\n<li>Tapahtumissamme on ehdoton syrjint\u00e4kielto. Syrjint\u00e4kielto koskee kaikkea ik\u00e4\u00e4n,<br>sukupuoleen, sukupuoli-identiteettiin, poliittiseen n\u00e4kemykseen, etniseen taustaan,<br>uskontoon tai uskomukseen, seksuaaliseen suuntautumiseen, vammaan tai muuhun<br>asiaan liittyv\u00e4\u00e4.<\/li>\n\n\n\n<li>Jokaisella on oikeus m\u00e4\u00e4ritell\u00e4 itsens\u00e4 tai j\u00e4tt\u00e4\u00e4 itsens\u00e4 m\u00e4\u00e4rittelem\u00e4tt\u00e4. Kunnioita<br>toisen identiteetti\u00e4, vaikka et itse sit\u00e4 ymm\u00e4rt\u00e4isik\u00e4\u00e4n.<\/li>\n\n\n\n<li>Jokainen tilassa oleva saa itse p\u00e4\u00e4tt\u00e4\u00e4, mill\u00e4 nimell\u00e4 ja pronominilla tulee kutsutuksi.<\/li>\n\n\n\n<li>\u00c4l\u00e4 oleta, ole avoin ja kuuntele.<\/li>\n\n\n\n<li>Olemme ihmisi\u00e4 ja teemme virheit\u00e4. My\u00f6nn\u00e4 virheesi, pyyd\u00e4 anteeksi ja jatka eteenp\u00e4in.<\/li>\n\n\n\n<li>Virheist\u00e4 voi huomauttaa syyllist\u00e4m\u00e4tt\u00e4 ja tuomitsematta. Anna muille tilaa ja<br>mahdollisuus korjata virheens\u00e4.<\/li>\n\n\n\n<li>Jos et ole varma jostain toimintatavasta tai jokin mietitytt\u00e4\u00e4 sinua, kysy yhdistyksen<br>henkil\u00f6kunnalta.<\/li>\n\n\n\n<li>\u00c4l\u00e4 ep\u00e4r\u00f6i pyyt\u00e4\u00e4 apua, mik\u00e4li koet sit\u00e4 v\u00e4h\u00e4nk\u00e4\u00e4n tarvitsevasi..<\/li>\n\n\n\n<li>Emme hyv\u00e4ksy mink\u00e4\u00e4nlaista h\u00e4irint\u00e4\u00e4. H\u00e4irint\u00e4 voi suoran kosketuksen lis\u00e4ksi olla<br>esimerkiksi sanallista, liian l\u00e4hell\u00e4 seisomista, tien tukkimista, lahjojen antamista,<br>ohimennen koskettamista tai muuta ei-toivottua k\u00e4yt\u00f6st\u00e4.<br><\/li>\n\n\n\n<li><strong>Mik\u00e4li kohtaat h\u00e4irint\u00e4\u00e4, rajojasi rikotaan tai huomaat turvallisen tilan<br>periaatteita muuten rikottavan:<\/strong><br>\u25cf Ilmoita asiasta yhdistyksen henkil\u00f6kunnalle.<br>\u25cf Mik\u00e4li huomaat j\u00e4lkik\u00e4teen kohdanneesi h\u00e4irint\u00e4\u00e4, ota yhteytt\u00e4 FTU ry:n henkil\u00f6st\u00f6\u00f6n<br>s\u00e4hk\u00f6postitse info@ftu.fi<br><strong>Mik\u00e4li rikot turvallisemman tilan periaatteita:<\/strong><br>\u25cf Toistuvasta rikkomuksesta saat varoituksen. Varoitus tarkoittaa useimmiten, ett\u00e4 et voi<br>jatkaa osallistumista samalla tapaamisella, mutta olet tervetullut uudelleen seuraavalle<br>tapaamiselle korjatulla k\u00e4yt\u00f6ksell\u00e4.<br>\u25cf Mik\u00e4li varoituksen j\u00e4lkeen rikkomukset toistuvat ja jatkuvat, tai rikkomus on erityisen<br>vakava (esimerkiksi seksuaalinen h\u00e4irint\u00e4), sinut poistetaan tilaisuudesta sek\u00e4 saat joko<br>m\u00e4\u00e4r\u00e4aikaisen tai pysyv\u00e4n porttikiellon yhdistyksen toimintaan<\/li>\n<\/ul>\n<\/div>\n","protected":false},"excerpt":{"rendered":"<p>Osallistuessasi Transliitto (my\u00f6hemmin FTU ry) ry:n j\u00e4rjest\u00e4m\u00e4\u00e4n toimintaan sitoudut n\u00e4ihinperiaatteisiin.<\/p>\n","protected":false},"author":1,"featured_media":0,"parent":0,"menu_order":0,"comment_status":"closed","ping_status":"closed","template":"","meta":{"_themeisle_gutenberg_block_has_review":false,"footnotes":""},"class_list":["post-1242","page","type-page","status-publish","hentry"],"jetpack_sharing_enabled":true,"_links":{"self":[{"href":"https:\/\/transliitto.com\/index.php?rest_route=\/wp\/v2\/pages\/1242","targetHints":{"allow":["GET"]}}],"collection":[{"href":"https:\/\/transliitto.com\/index.php?rest_route=\/wp\/v2\/pages"}],"about":[{"href":"https:\/\/transliitto.com\/index.php?rest_route=\/wp\/v2\/types\/page"}],"author":[{"embeddable":true,"href":"https:\/\/transliitto.com\/index.php?rest_route=\/wp\/v2\/users\/1"}],"replies":[{"embeddable":true,"href":"https:\/\/transliitto.com\/index.php?rest_route=%2Fwp%2Fv2%2Fcomments&post=1242"}],"version-history":[{"count":1,"href":"https:\/\/transliitto.com\/index.php?rest_route=\/wp\/v2\/pages\/1242\/revisions"}],"predecessor-version":[{"id":1243,"href":"https:\/\/transliitto.com\/index.php?rest_route=\/wp\/v2\/pages\/1242\/revisions\/1243"}],"wp:attachment":[{"href":"https:\/\/transliitto.com\/index.php?rest_route=%2Fwp%2Fv2%2Fmedia&parent=1242"}],"curies":[{"name":"wp","href":"https:\/\/api.w.org\/{rel}","templated":true}]}}