{"id":1237,"date":"2025-12-08T07:09:26","date_gmt":"2025-12-08T07:09:26","guid":{"rendered":"https:\/\/transliitto.com\/?page_id=1237"},"modified":"2025-12-08T07:09:26","modified_gmt":"2025-12-08T07:09:26","slug":"yhdistyksen-saannot-2","status":"publish","type":"page","link":"https:\/\/transliitto.com\/?page_id=1237","title":{"rendered":"Yhdistyksen s\u00e4\u00e4nn\u00f6t"},"content":{"rendered":"\n<div class=\"wp-block-group is-layout-constrained wp-block-group-is-layout-constrained\">\n<p>1. <strong>Yhdistyksen nimi ja kotipaikka<\/strong><br>Yhdistyksen nimi on Transliitto ry ja sen kotipaikka on Pori.<\/p>\n\n\n\n<p>2. <strong>Tarkoitus ja toiminnan laatu<\/strong><br>Yhdistyksen tarkoituksena on edist\u00e4\u00e4 sukupuolisen tasavertaisuuden toteutumista<br>yhteiskunnassa, edist\u00e4\u00e4 erityisesti trans-, inter- sek\u00e4 muunsukupuolisia koskevia<br>yhteiskunnallisia oikeuksia, valvoa ja edist\u00e4\u00e4 transihmisten oikeutta saada tarvitsemaansa<br>hoitoa, ja toimia transihmiseksi itsens\u00e4 m\u00e4\u00e4ritt\u00e4vien henkil\u00f6iden yhdist\u00e4v\u00e4n\u00e4 linkkin\u00e4.<br>Tarkoituksensa toteuttamiseksi yhdistys harjoittaa julkaisu-, tiedotus- ja koulutustoimintaa,<br>suorittaa ja tukee tutkimusty\u00f6t\u00e4, harjoittaa sosiaalipalvelutoimintaa, harjoittaa<br>seksuaalivalistusta, edist\u00e4\u00e4 j\u00e4sentens\u00e4 ryhm\u00e4toimintaa, j\u00e4rjest\u00e4\u00e4 vapaa-ajan toimintaa ja<br>julkisia tilaisuuksia sek\u00e4 pit\u00e4\u00e4 yhteytt\u00e4 viranomaisiin ja pyrkii vaikuttamaan yhteiskunnalliseen<br>p\u00e4\u00e4t\u00f6ksentekoon. Yhdistys voi omistaa toimintansa kannalta tarpeellista kiinte\u00e4\u00e4 ja irtainta<br>omaisuutta sek\u00e4 vastaanottaa avustuksia, lahjoituksia ja testamentteja. Yhdistys voi j\u00e4rjest\u00e4\u00e4<br>ker\u00e4yksi\u00e4 ja arpajaisia sek\u00e4 yll\u00e4pit\u00e4\u00e4 kahvila- ja ravintolatoimintaa asianomaisin luvin.<br>Tarkoituksensa toteuttamiseksi yhdistys:<\/p>\n\n\n\n<ul class=\"wp-block-list\">\n<li>voi j\u00e4rjest\u00e4\u00e4 kursseja, harjoitus- ja opetustilaisuuksia sek\u00e4 muuta vastaavaa toimintaa<\/li>\n\n\n\n<li>voi j\u00e4rjest\u00e4\u00e4 kilpailuja, n\u00e4yt\u00f6ksi\u00e4, retki\u00e4, leirej\u00e4 ja muita tapahtumia<\/li>\n\n\n\n<li>voi j\u00e4rjest\u00e4\u00e4 juhlia, konsertteja, n\u00e4yttelyit\u00e4 tai muita tilaisuuksia<\/li>\n\n\n\n<li>voi yll\u00e4pit\u00e4\u00e4 yhdistyksen s\u00e4hk\u00f6isi\u00e4 viestint\u00e4kanavia<\/li>\n\n\n\n<li>voi julkaista yhdistyksen tiedotteita ja muuta viestint\u00e4\u00e4 eri viestint\u00e4kanavissa<\/li>\n\n\n\n<li>neuvoo ja ohjaa j\u00e4seni\u00e4\u00e4n<\/li>\n\n\n\n<li>osallistuu julkiseen keskusteluun alaan liittyviss\u00e4 asioissa<\/li>\n\n\n\n<li>voi ker\u00e4t\u00e4 ja jakaa tietoa sek\u00e4 harjoittaa tutkimustoimintaa<\/li>\n\n\n\n<li>kokoaa j\u00e4senet yhteiseen toimintaan ja yll\u00e4pit\u00e4\u00e4 yhteyksi\u00e4 muihin alan yhdistyksiin<\/li>\n\n\n\n<li>voi j\u00e4rjest\u00e4\u00e4 yhdistyksen tarkoitukseen liittyvi\u00e4 matkoja j\u00e4senilleen<\/li>\n\n\n\n<li>voi osallistua j\u00e4sentens\u00e4 v\u00e4litt\u00f6miin kilpailukustannuksiin<\/li>\n\n\n\n<li>voi hankkia tarvittavia aineistoja ja v\u00e4lineit\u00e4 yhdistyksen k\u00e4ytt\u00f6\u00f6n<\/li>\n\n\n\n<li>pyrkii j\u00e4rjest\u00e4m\u00e4\u00e4n k\u00e4ytt\u00f6\u00f6ns\u00e4 tilat, joita yhdistyksen j\u00e4senet voivat k\u00e4ytt\u00e4\u00e4<\/li>\n\n\n\n<li>voi tehd\u00e4 esityksi\u00e4 ja aloitteita harrastusmahdollisuuksien lis\u00e4\u00e4miseksi<\/li>\n\n\n\n<li>voi tehd\u00e4 esityksi\u00e4, aloitteita ja selvityksi\u00e4 sek\u00e4 antaa lausuntoja muille yhteis\u00f6ille ja<br>viranomaisille<\/li>\n\n\n\n<li>toimii yhteisty\u00f6ss\u00e4 viranomaisten, j\u00e4rjest\u00f6jen, yritysten ja yksityishenkil\u00f6iden kanssa<br>Toimintansa tukemiseksi yhdistys voi, hankittuaan tarvittaessa asianomaisen luvan:<\/li>\n\n\n\n<li>j\u00e4rjest\u00e4\u00e4 rahanker\u00e4yksi\u00e4 ja arpajaisia<\/li>\n\n\n\n<li>j\u00e4rjest\u00e4\u00e4 maksullisia tilaisuuksia<\/li>\n\n\n\n<li>ottaa vastaan avustuksia, lahjoituksia ja testamentteja<\/li>\n\n\n\n<li>harjoittaa kahvilatoimintaa<\/li>\n\n\n\n<li>harjoittaa anniskelutoimintaa j\u00e4rjest\u00e4miens\u00e4 tilaisuuksien yhteydess\u00e4<\/li>\n\n\n\n<li>tehd\u00e4 talkooty\u00f6t\u00e4<\/li>\n\n\n\n<li>myyd\u00e4 mainostilaa<\/li>\n\n\n\n<li>solmia sponsorisopimuksia<\/li>\n<\/ul>\n\n\n\n<p>3. <strong><strong>J\u00e4senet<\/strong><\/strong><br>Yhdistykseen varsinaiseksi j\u00e4seneksi voidaan hyv\u00e4ksy\u00e4 henkil\u00f6, joka hyv\u00e4ksyy yhdistyksen<br>tarkoituksen. Kannattavaksi j\u00e4seneksi voidaan hyv\u00e4ksy\u00e4 yksityinen henkil\u00f6 tai<br>oikeuskelpoinen yhteis\u00f6, joka haluaa tukea yhdistyksen tarkoitusta ja toimintaa. Varsinaiset<br>j\u00e4senet ja kannattavat j\u00e4senet hyv\u00e4ksyy hakemuksesta yhdistyksen hallitus.<br>Kunniapuheenjohtajaksi tai kunniaj\u00e4seneksi voidaan hallituksen esityksest\u00e4 yhdistyksen<br>kokouksessa kutsua henkil\u00f6, joka on huomattavasti edist\u00e4nyt ja tukenut yhdistyksen<br>toimintaa.<\/p>\n\n\n\n<p>4. <strong><strong><strong>Liittymis- ja j\u00e4senmaksu<\/strong><\/strong><\/strong><br>Varsinaisilta j\u00e4senilt\u00e4 ja kannattavilta j\u00e4senilt\u00e4 peritt\u00e4v\u00e4n liittymismaksun ja vuotuisen<br>j\u00e4senmaksun suuruudesta erikseen kummallekin j\u00e4senryhm\u00e4lle p\u00e4\u00e4tt\u00e4\u00e4 syyskokous.<br>Kunniapuheenjohtaja ja kunniaj\u00e4senet eiv\u00e4t suorita j\u00e4senmaksuja.<\/p>\n\n\n\n<p>5. <strong><strong><strong>Hallitus<\/strong><\/strong><\/strong><br>Yhdistyksen asioita hoitaa hallitus, johon kuuluu syyskokouksessa valitut puheenjohtaja ja 2 &#8211;<br>7 muuta varsinaista j\u00e4sent\u00e4 sek\u00e4 0 &#8211; 8 varaj\u00e4sent\u00e4.<br>Hallituksen toimikausi on valintakokousten v\u00e4linen aika.<br>Hallitus valitsee keskuudestaan varapuheenjohtajan sek\u00e4 ottaa keskuudestaan tai<br>ulkopuoleltaan sihteerin, rahastonhoitajan ja muut tarvittavat toimihenkil\u00f6t. Hallitus kokoontuu<br>puheenjohtajan tai h\u00e4nen estyneen\u00e4 ollessaan varapuheenjohtajan kutsusta, kun he katsovat<br>siihen olevan aihetta tai kun v\u00e4hint\u00e4\u00e4n puolet hallituksen j\u00e4senist\u00e4 sit\u00e4 vaatii. Hallitus on<br>p\u00e4\u00e4t\u00f6svaltainen, kun v\u00e4hint\u00e4\u00e4n puolet sen j\u00e4senist\u00e4, puheenjohtaja tai varapuheenjohtaja<br>mukaanluettuna on l\u00e4sn\u00e4. \u00c4\u00e4nestykset ratkaistaan ehdottomalla \u00e4\u00e4ntenenemmist\u00f6ll\u00e4.<br>\u00c4\u00e4nten menness\u00e4 tasan ratkaisee puheenjohtajan \u00e4\u00e4ni, vaaleissa kuitenkin arpa.<\/p>\n\n\n\n<p>6. <strong>Yhdistyksen nimen kirjoittaminen<\/strong><br>Yhdistyksen nimen kirjoittaa hallituksen puheenjohtaja, varapuheenjohtaja, sihteeri,<br>rahastonhoitaja, hallituksen oikeuttama henkil\u00f6, kukin yksin.<\/p>\n\n\n\n<p>7. <strong><strong>Tilikausi<\/strong><\/strong><br>Yhdistyksen tilikausi on kalenterivuosi.<\/p>\n\n\n\n<p>8. <strong><strong><strong>Yhdistyksen kokoukset<\/strong><\/strong><\/strong><br>Yhdistyksen kokoukseen voidaan osallistua hallituksen tai yhdistyksen kokouksen niin<br>p\u00e4\u00e4tt\u00e4ess\u00e4 my\u00f6s postitse taikka tietoliikenneyhteyden tai muun teknisen apuv\u00e4lineen avulla<br>kokouksen aikana tai ennen kokousta. Yhdistyksen kokous hyv\u00e4ksyy \u00e4\u00e4nestys- ja<br>vaalij\u00e4rjestyksen.<br>Yhdistys pit\u00e4\u00e4 vuosittain kaksi varsinaista kokousta. Yhdistyksen kev\u00e4tkokous pidet\u00e4\u00e4n<br>tammi-toukokuussa ja syyskokous syys-joulukuussa hallituksen m\u00e4\u00e4r\u00e4\u00e4m\u00e4n\u00e4 p\u00e4iv\u00e4n\u00e4.<br>Yhdistyksen kokouksissa on jokaisella varsinaisella j\u00e4senell\u00e4, kunniapuheenjohtajalla ja<br>kunniaj\u00e4senell\u00e4 yksi \u00e4\u00e4ni. Kannattavalla j\u00e4senell\u00e4 on kokouksessa l\u00e4sn\u00e4olo- ja puheoikeus.<br>Yhdistyksen kokouksen p\u00e4\u00e4t\u00f6kseksi tulee, ellei s\u00e4\u00e4nn\u00f6iss\u00e4 ole toisin m\u00e4\u00e4r\u00e4tty, se mielipide,<br>jota on kannattanut yli puolet annetuista \u00e4\u00e4nist\u00e4. \u00c4\u00e4nten menness\u00e4 tasan ratkaisee kokouksen puheenjohtajan \u00e4\u00e4ni, vaaleissa kuitenkin arpa.<\/p>\n\n\n\n<p>9. <strong>Yhdistyksen kokousten koollekutsuminen<\/strong><br>Hallituksen on kutsuttava yhdistyksen kokoukset koolle v\u00e4hint\u00e4\u00e4n 14 vuorokautta ennen<br>kokousta.<br>Kokouskutsu on l\u00e4hetett\u00e4v\u00e4 j\u00e4senille:<\/p>\n\n\n\n<ul class=\"wp-block-list\">\n<li>kirjeitse tai s\u00e4hk\u00f6postitse<\/li>\n\n\n\n<li>yhdistyksen verkkosivulla tai yhdistyksen k\u00e4ytt\u00e4m\u00e4n sosiaalisen median ryhm\u00e4ss\u00e4<\/li>\n<\/ul>\n\n\n\n<p>10. <strong>Varsinaiset kokoukset<\/strong><strong>:<\/strong><\/p>\n\n\n\n<p><strong>Yhdistyksen kev\u00e4tkokouksessa k\u00e4sitell\u00e4\u00e4n seuraavat asiat:<\/strong><\/p>\n\n\n\n<ol class=\"wp-block-list\">\n<li>kokouksen avaus<\/li>\n\n\n\n<li>valitaan kokouksen puheenjohtaja, sihteeri, kaksi p\u00f6yt\u00e4kirjantarkastajaa ja tarvittaessa<br>kaksi \u00e4\u00e4ntenlaskijaa<\/li>\n\n\n\n<li>todetaan kokouksen laillisuus ja p\u00e4\u00e4t\u00f6svaltaisuus<\/li>\n\n\n\n<li>hyv\u00e4ksyt\u00e4\u00e4n kokouksen ty\u00f6j\u00e4rjestys<\/li>\n\n\n\n<li>esitet\u00e4\u00e4n tilinp\u00e4\u00e4t\u00f6s, vuosikertomus ja toiminnantarkastajien\/tilintarkastajien lausunto<\/li>\n\n\n\n<li>p\u00e4\u00e4tet\u00e4\u00e4n tilinp\u00e4\u00e4t\u00f6ksen vahvistamisesta ja vastuuvapauden my\u00f6nt\u00e4misest\u00e4 hallitukselle<br>ja muille vastuuvelvollisille<\/li>\n\n\n\n<li>k\u00e4sitell\u00e4\u00e4n muut kokouskutsussa mainitut asiat.<br><br><strong>Yhdistyksen syyskokouksessa k\u00e4sitell\u00e4\u00e4n seuraavat asiat:<\/strong><br><\/li>\n\n\n\n<li>kokouksen avaus<\/li>\n\n\n\n<li>valitaan kokouksen puheenjohtaja, sihteeri, kaksi p\u00f6yt\u00e4kirjantarkastajaa ja tarvittaessa<br>kaksi \u00e4\u00e4ntenlaskijaa<\/li>\n\n\n\n<li>todetaan kokouksen laillisuus ja p\u00e4\u00e4t\u00f6svaltaisuus<\/li>\n\n\n\n<li>hyv\u00e4ksyt\u00e4\u00e4n kokouksen ty\u00f6j\u00e4rjestys<\/li>\n\n\n\n<li>vahvistetaan toimintasuunnitelma, tulo- ja menoarvio sek\u00e4 liittymis- ja j\u00e4senmaksujen<br>suuruudet seuraavalle kalenterivuodelle<\/li>\n\n\n\n<li>valitaan hallituksen puheenjohtaja ja muut j\u00e4senet<\/li>\n\n\n\n<li>valitaan yksi tai kaksi toiminnantarkastajaa ja varatoiminnantarkastajaa taikka yksi tai kaksi<br>tilintarkastajaa ja varatilintarkastajaa<\/li>\n\n\n\n<li>k\u00e4sitell\u00e4\u00e4n muut kokouskutsussa mainitut asiat.<br>Mik\u00e4li yhdistyksen j\u00e4sen haluaa saada jonkin asian yhdistyksen kev\u00e4t- tai syyskokouksen<br>k\u00e4sitelt\u00e4v\u00e4ksi, on h\u00e4nen ilmoitettava siit\u00e4 kirjallisesti hallitukselle niin hyviss\u00e4 ajoin, ett\u00e4 asia<br>voidaan sis\u00e4llytt\u00e4\u00e4 kokouskutsuun.<\/li>\n\n\n\n<li><strong>S\u00e4\u00e4nt\u00f6jen muuttaminen ja yhdistyksen purkaminen<\/strong><br>P\u00e4\u00e4t\u00f6s s\u00e4\u00e4nt\u00f6jen muuttamisesta ja yhdistyksen purkamisesta on teht\u00e4v\u00e4 yhdistyksen<br>kokouksessa v\u00e4hint\u00e4\u00e4n kolmen nelj\u00e4sosan (3\/4) enemmist\u00f6ll\u00e4 annetuista \u00e4\u00e4nist\u00e4.<br>Kokouskutsussa on mainittava s\u00e4\u00e4nt\u00f6jen muuttamisesta tai yhdistyksen purkamisesta.<br>Yhdistyksen purkautuessa k\u00e4ytet\u00e4\u00e4n yhdistyksen varat yhdistyksen tarkoituksen<br>edist\u00e4miseen purkamisesta p\u00e4\u00e4tt\u00e4v\u00e4n kokouksen m\u00e4\u00e4r\u00e4\u00e4m\u00e4ll\u00e4 tavalla. Yhdistyksen tullessa<br>lakkautetuksi k\u00e4ytet\u00e4\u00e4n sen varat samaan tarkoitukseen.<\/li>\n<\/ol>\n<\/div>\n","protected":false},"excerpt":{"rendered":"<p>1. Yhdistyksen nimi ja kotipaikkaYhdistyksen nimi on Transliitto ry ja sen kotipaikka on Pori. 2. Tarkoitus ja toiminnan laatuYhdistyksen tarkoituksena on edist\u00e4\u00e4 sukupuolisen tasavertaisuuden toteutumistayhteiskunnassa, edist\u00e4\u00e4 erityisesti trans-, inter- sek\u00e4 muunsukupuolisia koskeviayhteiskunnallisia oikeuksia, valvoa ja edist\u00e4\u00e4 transihmisten oikeutta saada tarvitsemaansahoitoa, ja toimia transihmiseksi itsens\u00e4 m\u00e4\u00e4ritt\u00e4vien henkil\u00f6iden yhdist\u00e4v\u00e4n\u00e4 linkkin\u00e4.Tarkoituksensa toteuttamiseksi yhdistys harjoittaa julkaisu-, tiedotus- ja koulutustoimintaa,suorittaa [&hellip;]<\/p>\n","protected":false},"author":1,"featured_media":0,"parent":0,"menu_order":0,"comment_status":"closed","ping_status":"closed","template":"","meta":{"_themeisle_gutenberg_block_has_review":false,"footnotes":""},"class_list":["post-1237","page","type-page","status-publish","hentry"],"jetpack_sharing_enabled":true,"_links":{"self":[{"href":"https:\/\/transliitto.com\/index.php?rest_route=\/wp\/v2\/pages\/1237","targetHints":{"allow":["GET"]}}],"collection":[{"href":"https:\/\/transliitto.com\/index.php?rest_route=\/wp\/v2\/pages"}],"about":[{"href":"https:\/\/transliitto.com\/index.php?rest_route=\/wp\/v2\/types\/page"}],"author":[{"embeddable":true,"href":"https:\/\/transliitto.com\/index.php?rest_route=\/wp\/v2\/users\/1"}],"replies":[{"embeddable":true,"href":"https:\/\/transliitto.com\/index.php?rest_route=%2Fwp%2Fv2%2Fcomments&post=1237"}],"version-history":[{"count":1,"href":"https:\/\/transliitto.com\/index.php?rest_route=\/wp\/v2\/pages\/1237\/revisions"}],"predecessor-version":[{"id":1238,"href":"https:\/\/transliitto.com\/index.php?rest_route=\/wp\/v2\/pages\/1237\/revisions\/1238"}],"wp:attachment":[{"href":"https:\/\/transliitto.com\/index.php?rest_route=%2Fwp%2Fv2%2Fmedia&parent=1237"}],"curies":[{"name":"wp","href":"https:\/\/api.w.org\/{rel}","templated":true}]}}