{"id":1187,"date":"2025-12-04T09:15:04","date_gmt":"2025-12-04T09:15:04","guid":{"rendered":"https:\/\/transliitto.com\/?page_id=1187"},"modified":"2026-01-19T14:27:05","modified_gmt":"2026-01-19T14:27:05","slug":"jasenyys-jasenedut-2","status":"publish","type":"page","link":"https:\/\/transliitto.com\/?page_id=1187","title":{"rendered":"J\u00e4senyys &#038; J\u00e4senedut"},"content":{"rendered":"\n<div class=\"wp-block-group is-layout-constrained wp-block-group-is-layout-constrained\">\n<h2 class=\"wp-block-heading\" id=\"block-eb888321-24e8-4d5b-acc9-7c118c8def81\">\u2728 Liity j\u00e4seneksi \u2013 tue Transliitto ry:n ty\u00f6t\u00e4<\/h2>\n\n\n\n<p id=\"block-4076e3d2-243d-4312-92e9-ad98d888c83c\">Transliitto ry:n j\u00e4senen\u00e4 olet mukana rakentamassa tasa-arvoisempaa ja oikeudenmukaisempaa yhteiskuntaa kaikille sukupuoliv\u00e4hemmist\u00f6ihin kuuluville. J\u00e4senyys on konkreettinen tapa tukea toimintaamme ja mahdollistaa vertaistuki, vaikuttamisty\u00f6 sek\u00e4 turvalliset tilat nyt ja tulevaisuudessa.<\/p>\n\n\n\n<h3 class=\"wp-block-heading\" id=\"block-7f2ddb0e-fd7e-41e2-bc12-d21f768a6c24\">\ud83e\uddfe J\u00e4senyysvaihtoehdot ja maksut<\/h3>\n\n\n\n<p id=\"block-668b96b6-42c3-48dc-8b62-ffac6be7e52d\">Voit valita vuosij\u00e4senyyden tai kuukausij\u00e4senyyden \u2013 sen mukaan, mik\u00e4 sopii sinulle parhaiten. Tarjoamme my\u00f6s kannatus- ja yhteis\u00f6j\u00e4senyyksi\u00e4.<\/p>\n\n\n\n<h3 class=\"wp-block-heading\" id=\"block-cd2be646-2010-4087-8afd-a9e2845f67f9\"><strong>Vuosij\u00e4senyys<\/strong><\/h3>\n\n\n\n<p id=\"block-5dad1ff2-24cf-4d72-984d-19e41e337e7c\">\ud83d\udd39 <strong>Sis\u00e4lt\u00e4\u00e4:<\/strong><\/p>\n\n\n\n<ul id=\"block-b517937c-9d56-48c7-9fa6-70738fb2fa75\" class=\"wp-block-list\">\n<li>Kaikki j\u00e4senedut<\/li>\n\n\n\n<li>Osallistumisoikeus j\u00e4senille suunnattuihin tilaisuuksiin<\/li>\n<\/ul>\n\n\n\n<p id=\"block-a9550c6f-7862-4d1b-be6b-56c2b00dd9fe\">\ud83d\udd39 <strong>Hinnat:<\/strong><\/p>\n\n\n\n<ul id=\"block-ce5b1d05-ef94-43ab-a30b-bb3fddd025ac\" class=\"wp-block-list\">\n<li>Perusj\u00e4senyys: <strong>25 \u20ac \/ vuosi<\/strong><\/li>\n\n\n\n<li>Alennettu j\u00e4senyys (opiskelijat, ty\u00f6tt\u00f6m\u00e4t, el\u00e4kel\u00e4iset): <strong>15 \u20ac \/ vuosi<\/strong><\/li>\n<\/ul>\n\n\n\n<h3 class=\"wp-block-heading\" id=\"block-fd654a15-15d3-40e8-b282-7e18dfa5833b\"><strong>Kuukausij\u00e4senyys<\/strong><\/h3>\n\n\n\n<p id=\"block-2404ccf0-7dd8-49fa-960b-9b5fdf0aa808\">\ud83d\udd39 <strong>Sis\u00e4lt\u00e4\u00e4:<\/strong><\/p>\n\n\n\n<ul id=\"block-d980702c-3438-462a-a249-7104e7bf4b08\" class=\"wp-block-list\">\n<li>Kaikki vuosij\u00e4senyyden edut<\/li>\n\n\n\n<li>Lis\u00e4ksi:<br>\u2705 Vaihtuvat kuukausittaiset j\u00e4senedut<br>\u2705 Ilmainen sis\u00e4\u00e4np\u00e4\u00e4sy maksullisiin tapahtumiin<br>\u2705 Mahdollisuus lis\u00e4etuihin, joista tiedotetaan erikseen<\/li>\n<\/ul>\n\n\n\n<p id=\"block-48741131-9ec4-488f-87c2-a833ea585bb0\">\ud83d\udd39 <strong>Hinnat:<\/strong><\/p>\n\n\n\n<ul id=\"block-f64f8a48-0b7f-4d34-ac57-44d3c21a8334\" class=\"wp-block-list\">\n<li>Perusj\u00e4senyys: <strong>25 \u20ac \/ kk<\/strong><\/li>\n\n\n\n<li>Alennettu j\u00e4senyys (opiskelijat, ty\u00f6tt\u00f6m\u00e4t, el\u00e4kel\u00e4iset): <strong>15 \u20ac \/ kk<\/strong><\/li>\n<\/ul>\n\n\n\n<p id=\"block-7de62cba-1e3a-43ae-967d-e131aa3b1109\">\ud83d\udd39 <strong>Laskutus:<\/strong><\/p>\n\n\n\n<ul id=\"block-17ab6c57-221c-4ccd-a9b4-2351d30ce5cc\" class=\"wp-block-list\">\n<li>Lasku l\u00e4hetet\u00e4\u00e4n kuukauden lopussa<\/li>\n\n\n\n<li>Er\u00e4p\u00e4iv\u00e4: kuukauden 14. p\u00e4iv\u00e4 tai sit\u00e4 seuraava arkip\u00e4iv\u00e4<\/li>\n<\/ul>\n\n\n\n<h3 class=\"wp-block-heading\" id=\"block-9708fe2d-3148-4bd8-b00a-5dc9356c02bc\">\ud83c\udf93 Muut j\u00e4senyystyypit<\/h3>\n\n\n\n<ul id=\"block-8e18aafa-8c69-4d23-a29a-1123d667f41e\" class=\"wp-block-list\">\n<li><strong>J\u00e4senyhteis\u00f6<\/strong>: <strong>1 \u20ac \/ j\u00e4sen<\/strong> (v\u00e4himm\u00e4issumma 10\u20ac)<\/li>\n\n\n\n<li><strong>Kunniaj\u00e4sen<\/strong>: <strong>0 \u20ac<\/strong><br>(Hallituksen my\u00f6nt\u00e4m\u00e4, vuodeksi kerrallaan)<\/li>\n\n\n\n<li><strong>Kannatusj\u00e4sen<\/strong>:<br>Valitse itse sopiva summa: <strong>25\u20ac<\/strong>, <strong>50 \u20ac<\/strong>, <strong>100 \u20ac<\/strong>, <strong>200\u20ac<\/strong><\/li>\n<\/ul>\n\n\n\n<h3 class=\"wp-block-heading\" id=\"block-6b1e9d6b-9588-49c4-bfc5-6a0abf706787\">\ud83d\udc96 Miksi liitty\u00e4?<\/h3>\n\n\n\n<p id=\"block-107e5f9d-6979-45e5-ad40-05942b737654\">Liittym\u00e4ll\u00e4 j\u00e4seneksi:<\/p>\n\n\n\n<ul id=\"block-8b5a6c0b-2e41-4195-8451-c9244463752a\" class=\"wp-block-list\">\n<li>Tuet konkreettisesti transihmisten ja muiden sukupuoliv\u00e4hemmist\u00f6jen asemaa<\/li>\n\n\n\n<li>Vahvistat yhteis\u00f6llisyytt\u00e4 ja turvallisia tiloja<\/li>\n\n\n\n<li>P\u00e4\u00e4set osaksi vaikuttavaa toimintaa ja saat k\u00e4ytt\u00f6\u00f6si j\u00e4senedut<\/li>\n<\/ul>\n\n\n\n<h3 class=\"wp-block-heading\" id=\"block-61a66584-3556-4865-8607-7921c4dece3f\">\ud83d\udcec Liity nyt<\/h3>\n\n\n\n<p id=\"block-a547988a-0d72-461e-8117-162150a6dace\">J\u00e4seneksi liittyminen on helppoa. Siirry liittymislomakkeelle tai ota yhteytt\u00e4, jos haluat kysy\u00e4 lis\u00e4\u00e4.<\/p>\n\n\n\n<p>Liity j\u00e4seneksi<\/p>\n\n\n\n<p id=\"block-56872489-b110-4320-b20c-9bb3d9b4dc07\">Saaja: Transliitto ry<\/p>\n\n\n\n<p id=\"block-55797738-927c-4787-82fc-3c18d4707ce7\">Pankkitilimme: IBAN: FI80 7997 7991 4001 49 ; BIC: HOLVFIHH<\/p>\n\n\n\n<p id=\"block-faa61632-47e7-4e52-8f4c-e282d88faa7b\">Viite: J\u00e4senyys \/ Oma nimi<\/p>\n\n\n\n<p id=\"block-7d80f697-92c6-4563-bfec-188536cff363\"><\/p>\n<\/div>\n\n\n\n<p><\/p>\n","protected":false},"excerpt":{"rendered":"<p>\u2728 Liity j\u00e4seneksi \u2013 tue Transliitto ry:n ty\u00f6t\u00e4 Transliitto ry:n j\u00e4senen\u00e4 olet mukana rakentamassa tasa-arvoisempaa ja oikeudenmukaisempaa yhteiskuntaa kaikille sukupuoliv\u00e4hemmist\u00f6ihin kuuluville. J\u00e4senyys on konkreettinen tapa tukea toimintaamme ja mahdollistaa vertaistuki, vaikuttamisty\u00f6 sek\u00e4 turvalliset tilat nyt ja tulevaisuudessa. \ud83e\uddfe J\u00e4senyysvaihtoehdot ja maksut Voit valita vuosij\u00e4senyyden tai kuukausij\u00e4senyyden \u2013 sen mukaan, mik\u00e4 sopii sinulle parhaiten. Tarjoamme my\u00f6s [&hellip;]<\/p>\n","protected":false},"author":1,"featured_media":0,"parent":0,"menu_order":0,"comment_status":"closed","ping_status":"closed","template":"","meta":{"_themeisle_gutenberg_block_has_review":false,"footnotes":""},"class_list":["post-1187","page","type-page","status-publish","hentry"],"jetpack_sharing_enabled":true,"_links":{"self":[{"href":"https:\/\/transliitto.com\/index.php?rest_route=\/wp\/v2\/pages\/1187","targetHints":{"allow":["GET"]}}],"collection":[{"href":"https:\/\/transliitto.com\/index.php?rest_route=\/wp\/v2\/pages"}],"about":[{"href":"https:\/\/transliitto.com\/index.php?rest_route=\/wp\/v2\/types\/page"}],"author":[{"embeddable":true,"href":"https:\/\/transliitto.com\/index.php?rest_route=\/wp\/v2\/users\/1"}],"replies":[{"embeddable":true,"href":"https:\/\/transliitto.com\/index.php?rest_route=%2Fwp%2Fv2%2Fcomments&post=1187"}],"version-history":[{"count":3,"href":"https:\/\/transliitto.com\/index.php?rest_route=\/wp\/v2\/pages\/1187\/revisions"}],"predecessor-version":[{"id":1340,"href":"https:\/\/transliitto.com\/index.php?rest_route=\/wp\/v2\/pages\/1187\/revisions\/1340"}],"wp:attachment":[{"href":"https:\/\/transliitto.com\/index.php?rest_route=%2Fwp%2Fv2%2Fmedia&parent=1187"}],"curies":[{"name":"wp","href":"https:\/\/api.w.org\/{rel}","templated":true}]}}