{"id":1004,"date":"2025-11-11T08:21:11","date_gmt":"2025-11-11T06:21:11","guid":{"rendered":"https:\/\/ftu.fi\/?page_id=1004"},"modified":"2025-11-11T08:21:11","modified_gmt":"2025-11-11T06:21:11","slug":"sateenkaariolkkari","status":"publish","type":"page","link":"https:\/\/transliitto.com\/?page_id=1004","title":{"rendered":"Sateenkaariolkkari"},"content":{"rendered":"\n<div class=\"wp-block-group is-layout-constrained wp-block-group-is-layout-constrained\">\n<p><strong>Sateenkaariolkkari <\/strong> on kaikille avoin, maksuton ja ik\u00e4rajaton iltama, jossa vietet\u00e4\u00e4n iltaa rennon yhdess\u00e4olon merkeiss\u00e4. T\u00e4\u00e4ll\u00e4 yhdistyv\u00e4t tieto, vertaistuki ja l\u00e4mmin tunnelma \u2013 voit tulla yksin, kaverin kanssa tai vaikka vain piipahtamaan.<\/p>\n\n\n\n<p>Olkkarissa on luvassa vapaamuotoista oleskelua, pient\u00e4 tekemist\u00e4 ja silloin t\u00e4ll\u00f6in my\u00f6s musiikkia, vierailevia puhujia tai keskustelua monenlaisista sateenkaariaiheista.<\/p>\n\n\n\n<p>Tule mukaan viett\u00e4m\u00e4\u00e4n iltaa turvalliseen ja hyv\u00e4ksyv\u00e4\u00e4n ilmapiiriin \u2013 juuri sellaisena kuin olet. \ud83d\udc9b\ud83d\udc9a\ud83d\udc99\ud83d\udc9c<\/p>\n\n\n\n<p><\/p>\n\n\n\n<p>Sateenkaariolkkarit toteutetaan <strong>parillisten viikkojen perjantaisin klo 16.00-20.00<\/strong>, jollei toisin ilmoiteta.<\/p>\n\n\n\n<p>Iltamissa sitoudutaan <a href=\"https:\/\/transliitto.com\/turvallisemman-tilan-ohjeistus\/\" data-type=\"page\" data-id=\"652\">Turvallisemman tilan periaatteisiin.<\/a><\/p>\n\n\n\n<p>L\u00e4mpim\u00e4sti tervetuloa!<\/p>\n\n\n\n<p><\/p>\n<\/div>\n","protected":false},"excerpt":{"rendered":"<p>Sateenkaariolkkari on kaikille avoin, maksuton ja ik\u00e4rajaton iltama, jossa vietet\u00e4\u00e4n iltaa rennon yhdess\u00e4olon merkeiss\u00e4. T\u00e4\u00e4ll\u00e4 yhdistyv\u00e4t tieto, vertaistuki ja l\u00e4mmin tunnelma \u2013 voit tulla yksin, kaverin kanssa tai vaikka vain piipahtamaan. Olkkarissa on luvassa vapaamuotoista oleskelua, pient\u00e4 tekemist\u00e4 ja silloin t\u00e4ll\u00f6in my\u00f6s musiikkia, vierailevia puhujia tai keskustelua monenlaisista sateenkaariaiheista. Tule mukaan viett\u00e4m\u00e4\u00e4n iltaa turvalliseen ja [&hellip;]<\/p>\n","protected":false},"author":1,"featured_media":0,"parent":0,"menu_order":0,"comment_status":"closed","ping_status":"closed","template":"","meta":{"_themeisle_gutenberg_block_has_review":false,"footnotes":""},"class_list":["post-1004","page","type-page","status-publish","hentry"],"jetpack_sharing_enabled":true,"_links":{"self":[{"href":"https:\/\/transliitto.com\/index.php?rest_route=\/wp\/v2\/pages\/1004","targetHints":{"allow":["GET"]}}],"collection":[{"href":"https:\/\/transliitto.com\/index.php?rest_route=\/wp\/v2\/pages"}],"about":[{"href":"https:\/\/transliitto.com\/index.php?rest_route=\/wp\/v2\/types\/page"}],"author":[{"embeddable":true,"href":"https:\/\/transliitto.com\/index.php?rest_route=\/wp\/v2\/users\/1"}],"replies":[{"embeddable":true,"href":"https:\/\/transliitto.com\/index.php?rest_route=%2Fwp%2Fv2%2Fcomments&post=1004"}],"version-history":[{"count":0,"href":"https:\/\/transliitto.com\/index.php?rest_route=\/wp\/v2\/pages\/1004\/revisions"}],"wp:attachment":[{"href":"https:\/\/transliitto.com\/index.php?rest_route=%2Fwp%2Fv2%2Fmedia&parent=1004"}],"curies":[{"name":"wp","href":"https:\/\/api.w.org\/{rel}","templated":true}]}}